{"id":34,"date":"2022-09-05T16:15:17","date_gmt":"2022-09-05T16:15:17","guid":{"rendered":"https:\/\/www.concept-story.pl\/?page_id=34"},"modified":"2022-09-14T15:13:11","modified_gmt":"2022-09-14T15:13:11","slug":"one-page-express","status":"publish","type":"page","link":"https:\/\/www.concept-story.pl\/","title":{"rendered":"Home"},"content":{"rendered":"<div  id=\"overlapable-2\" style=\"background-color: #ffffff;\" data-label=\"Overlapable\" data-id=\"stripped-coloured-icon-boxes\" data-category=\"overlapable\" class=\"features-coloured-icon-boxes-section\" data-overlap=\"true\">\n<div  class=\"gridContainer\">\n<div  class=\"features-coloured-icon-boxes-innerrow flexbox-list dark-text\" data-type=\"row\">\n<div  class=\"features-coloured-icon-boxes-featurecol cp2cols\">\n<div  class=\"features-coloured-icon-boxes-iconcontainer\" data-content-item-container=\"true\"> <i  data-cp-fa=\"true\" class=\"features-coloured-icon fa fa-bullhorn\"><\/i><\/div>\n<h4  class=\"\">Marketing<\/h4>\n<p  class=\"\">Koordynacja wszystkich dzia\u0142a\u0144 promocyjnych w Twojej firmie, w tym zarz\u0105dzanie prac\u0105 podwykonawc\u00f3w, planowanie i nadzorowanie ich pracy oraz rozliczanie z efekt\u00f3w.<\/p>\n\n<\/div>\n<div  class=\"features-coloured-icon-boxes-featurecol cp2cols\">\n<div  class=\"features-coloured-icon-boxes-iconcontainer\" data-content-item-container=\"true\"> <i  data-cp-fa=\"true\" class=\"features-coloured-icon fa fa-newspaper-o\"><\/i><\/div>\n<h4  class=\"\">PR<\/h4>\n<p  class=\"\">Opracowanie strategii dzia\u0142a\u0144 PR,&nbsp;prowadzenie biura prasowego, kontakt z mediami, pozycjonowanie eksperckie, realizacja akcji specjalnych.<\/p>\n\n<\/div>\n<div  class=\"features-coloured-icon-boxes-featurecol cp2cols\">\n<div  class=\"features-coloured-icon-boxes-iconcontainer\" data-content-item-container=\"true\"> <i  data-cp-fa=\"true\" class=\"features-coloured-icon fa fa-pencil-square-o\"><\/i><\/div>\n<h4  class=\"\">Copywriting<\/h4>\n<p  class=\"\">Tworzenie tre\u015bci na firmowego bloga, stron\u0119 www, pisanie informacji prasowych, artyku\u0142\u00f3w sponsorowanych, eksperckich lub poradnikowych.<\/p>\n\n<\/div>\n\n<div  class=\"features-coloured-icon-boxes-featurecol cp2cols\">\n<div  class=\"features-coloured-icon-boxes-iconcontainer\" data-content-item-container=\"true\"> <i  data-cp-fa=\"true\" class=\"features-coloured-icon fa fa-thumbs-up\"><\/i><\/div>\n<h4  class=\"\">Social media<\/h4>\n<p  class=\"\">Opracowanie contentu na social media, moderowanie stron na Instagramie, Facebooku, TikToku, LinkedInie, Twitterze, prowadzenie p\u0142atnych kampanii w social mediach.<\/p>\n\n<\/div><div  class=\"features-coloured-icon-boxes-featurecol cp2cols\">\n<div  class=\"features-coloured-icon-boxes-iconcontainer\" data-content-item-container=\"true\"> <i  data-cp-fa=\"true\" class=\"features-coloured-icon fa fa-calendar-check-o\"><\/i><\/div>\n<h4  class=\"\">Eventy<\/h4>\n<p  class=\"\">Profesjonalna i kompleksowa organizacja event\u00f3w i imprez biznesowych. Oferujemy wieloletnie do\u015bwiadczenie w produkcji event\u00f3w od podstaw.<\/p>\n\n<\/div>\n<div  class=\"features-coloured-icon-boxes-featurecol cp2cols\">\n<div  class=\"features-coloured-icon-boxes-iconcontainer\" data-content-item-container=\"true\"> <i  data-cp-fa=\"true\" class=\"features-coloured-icon fa fa-magic\"><\/i><\/div>\n<h4  class=\"\">PM<\/h4>\n<p  class=\"\">Zarz\u0105dzanie projektami specjalnymi od A do Z. Produkcja video, projekty stron www, grafika, branding, t\u0142umaczenia, tworzenie tre\u015bci prezentacji i wyst\u0105pie\u0144.&nbsp;<\/p>\n\n<\/div>\n<\/div>\n<\/div>\n<\/div><div  id=\"cta-1\" data-label=\"Call to action\" data-id=\"cta-blue-section\" data-category=\"cta\" class=\"cta-blue-section\">\n<div  class=\"gridContainer\">\n<div  class=\"flexbox-list flexbox-list-align-center row\">\n<div  class=\"cta-blue-textcol dynamic-color\">\n<h2  class=\"cta-blue-text\"><b >Napisz, czego potrzebujesz!<\/b><\/h2>\n<\/div>\n<div  class=\"cta-blue-btncol\"> <a class=\"button big yellow dark-text\" href=\"https:\/\/www.concept-story.pl\/#kontakt\" target=\"_self\" rel=\"noopener\"> KONTAKT <\/a><\/div>\n<\/div>\n<\/div>\n<\/div><div  id=\"oferta\" style=\"background-color: #f6f6f6;\" data-label=\"Oferta\" data-id=\"about-big-images-section\" data-category=\"about\" class=\"about-big-images-section\">\n<div  class=\"gridContainer\">\n<div  class=\"about-big-images-textrow\">\n<div  class=\"about-big-images-textcol dynamic-color\" data-type=\"column\">\n<h5  class=\"\">Us\u0142uga idealnie dostosowana do Twoich aktualnych potrzeb.<\/h5>\n<h3  class=\"\">Zewn\u0119trzny koordynator marketingu dla Twojego biznesu.&nbsp;<\/h3>\n<p  class=\"\">Oferujemy szeroki wachlarz us\u0142ug z zakresu marketingu, public relations, social medi\u00f3w i organizacji event\u00f3w. Wsp\u00f3\u0142praca w oparciu o stawk\u0119 godzinow\u0105, bez d\u0142ugoterminowych deklaracji \u2013 p\u0142acisz tylko za czas, kt\u00f3rego w danej chwili realnie potrzebujesz.<\/p>\n <a class=\"button blue big\" href=\"https:\/\/www.concept-story.pl\/#kontakt\" target=\"_self\" rel=\"noopener\">Skontaktuj si\u0119 z nami!<\/a>\n\n<\/div>\n<\/div>\n<\/div>\n<div  class=\"about-big-images-bottomrow\">\n<div  class=\"about-big-images-leftimgcol\"><img  class=\"about-big-images-leftimg\" src=\"https:\/\/www.concept-story.pl\/wp-content\/plugins\/one-page-express-companion\/theme-data\/one-page-express\/sections\/images\/nordwood-themes-180852.jpg\"><\/div>\n<div  class=\"about-big-images-centerimgcol\"><img  class=\"about-big-images-centerimg\" src=\"https:\/\/www.concept-story.pl\/wp-content\/plugins\/one-page-express-companion\/theme-data\/one-page-express\/sections\/images\/ir5likvfqc4-william-iven-1920x1275.jpg\"><\/div>\n<div  class=\"about-big-images-rightimgcol\"><img  class=\"about-big-images-rightimg\" src=\"https:\/\/www.concept-story.pl\/wp-content\/plugins\/one-page-express-companion\/theme-data\/one-page-express\/sections\/images\/project1.jpg\"><\/div>\n<\/div>\n<\/div><div  id=\"content-3\" style=\"background-color: #ffffff;\" data-label=\"Content\" data-id=\"content-image-left\" data-category=\"content\" class=\"content-left-image-section\">\n<div  class=\"gridContainer\">\n<div  class=\"row\">\n<div  class=\"content-left-image-imgcol\" data-type=\"column\"> <img  src=\"https:\/\/www.concept-story.pl\/wp-content\/uploads\/2022\/09\/AdobeStock_331689908-scaled.jpeg\" class=\"\" alt=\"\"><\/div>\n<div  class=\"content-left-image-textcol dynamic-color\" data-type=\"column\">\n<h2  class=\"\">Uwalniamy Tw\u00f3j czas!<\/h2>\n<p  class=\"large_text\"> Dzi\u0119ki nam zaoszcz\u0119dzisz godziny, jakie dot\u0105d musia\u0142e\u015b\/musia\u0142a\u015b po\u015bwi\u0119ca\u0107 na samodzielne prowadzenie lub koordynowanie dzia\u0142a\u0144 marketingowych w swojej firmie. Zajmij si\u0119 tym, co dla Ciebie wa\u017cne \u2013 a reszt\u0119 zostaw nam.<\/p>\n <a class=\"button blue\" href=\"https:\/\/www.concept-story.pl\/#oferta\" target=\"_self\" rel=\"noopener\"> Sprawd\u017a ofert\u0119! <\/a>\n\n<\/div>\n<\/div>\n<\/div>\n<\/div><div  id=\"content-4\" style=\"background-color: #f6f6f6;\" data-label=\"Content\" data-id=\"content-image-right\" data-category=\"content\" class=\"content-right-image-section\">\n<div  class=\"gridContainer\">\n<div  class=\"content-right-image-gridcol\">\n<div  class=\"content-right-image-textcol dynamic-color\" data-type=\"column\">\n<h2  class=\"\">Porozmawiajmy o warto\u015bciach!<\/h2>\n<p  class=\"large_text\"> Dzia\u0142asz na rzecz lokalnej spo\u0142eczno\u015bci? Wspierasz organizacje non-profit? Dbasz o neutralno\u015b\u0107 klimatyczn\u0105 swoich dzia\u0142a\u0144? Je\u015bli na co najmniej jedno z tych pyta\u0144 odpowiedzia\u0142e\u015b\/odpowiedzia\u0142a\u015b twierdz\u0105co, to znaczy, \u017ce i w \u017cyciu, i w biznesie kierujemy si\u0119 podobnymi warto\u015bciami. Przekonaj si\u0119, jak wspania\u0142e rzeczy mog\u0105 z tego wynikn\u0105\u0107!<\/p>\n <a class=\"button blue\" href=\"https:\/\/www.concept-story.pl\/#kontakt\" target=\"_self\" rel=\"noopener\"> Skontaktuj si\u0119 z nami! <\/a>\n\n<\/div>\n<div  class=\"content-right-image-imgcol\" data-type=\"column\"> <img  src=\"https:\/\/www.concept-story.pl\/wp-content\/uploads\/2022\/09\/AdobeStock_301558716-scaled.jpeg\" class=\"\" alt=\"\"><\/div>\n<\/div>\n<\/div>\n<\/div><div  data-label=\"Kontakt\" data-id=\"features-overlapped-icons-section\" data-category=\"features\" class=\"features-overlapped-icons-section\" id=\"kontakt\" style=\"background-color: rgb(255, 255, 255);\"> <div  class=\"gridContainer\"> <div  class=\"features-overlapped-icons-textrow\"> <div  class=\"features-overlapped-icons-textcol dynamic-color\" data-type=\"column\"> <h2  class=\"\">Kontakt<\/h2>  <\/div> <\/div> <div  class=\"features-overlapped-icons-featuresrow flexbox-list\" data-type=\"row\"> <div  class=\"features-large-icons-featcol cp3cols cp6cols-tablet\"> <div  class=\"features-overlapped-icons-featinnerrow\"> <div  class=\"features-icon-container\"><i  data-cp-fa=\"true\" class=\"font-icon-features-icon-container fa fa-envelope-o\"><\/i> <\/div>\t<div  data-type=\"column\" class=\"\">  <p  class=\"\">hello@concept-story.pl<\/p> <\/div><\/div> <\/div>  <div  class=\"features-large-icons-featcol cp3cols cp6cols-tablet\"> <div  class=\"features-overlapped-icons-featinnerrow\"> <div  class=\"features-icon-container\"><i  data-cp-fa=\"true\" class=\"font-icon-features-icon-container fa fa-phone\"><\/i> <\/div>\t<div  data-type=\"column\" class=\"\">  <p  class=\"\">+48 666 277 411<\/p> <\/div><\/div> <\/div>  <div  class=\"features-large-icons-featcol cp3cols cp6cols-tablet\"> <div  class=\"features-overlapped-icons-featinnerrow\"> <div  class=\"features-icon-container\"><i  data-cp-fa=\"true\" class=\"font-icon-features-icon-container fa fa-instagram\"><\/i> <\/div>\t<div  data-type=\"column\" class=\"\">   <a href=\"https:\/\/www.instagram.com\/concept_story_\" class=\"\" target=\"_self\" rel=\"noopener\">Instagram<\/a><\/div><\/div> <\/div><div  class=\"features-large-icons-featcol cp3cols cp6cols-tablet\"> <div  class=\"features-overlapped-icons-featinnerrow\"> <div  class=\"features-icon-container\"><i  data-cp-fa=\"true\" class=\"font-icon-features-icon-container fa fa-facebook-square\"><\/i> <\/div>\t<div  data-type=\"column\" class=\"\">   <a href=\"https:\/\/www.facebook.com\/concept.storypl\" class=\"\" target=\"_self\" rel=\"noopener\">Facebook<\/a><\/div><\/div> <\/div><\/div> <\/div><\/div><div  data-label=\"Testimonials\" data-id=\"testimonials-boxed-section\" data-category=\"testimonials\" class=\"testimonials-boxed-section\" id=\"testimonials-1\" style=\"background-color: rgb(255, 255, 255);\"> <div  class=\"\"> <div  class=\"testimonials-boxed-textcol dynamic-color\" data-type=\"column\">   <a href=\"https:\/\/www.concept-story.pl?p=144\" class=\"\" target=\"_self\" rel=\"noopener\">Polityka prywatno\u015bci Concept Story<\/a><\/div> <div  class=\"testimonials-boxed-itemsrow dark-text\" data-type=\"row\"> <div  class=\"testimonials-boxed-itemcol cp6cols-tablet cp12cols\"> <div  class=\"testimonials-boxed-itemcard\" data-type=\"column\"><img  class=\"custom-image\" src=\"https:\/\/www.concept-story.pl\/wp-content\/uploads\/2022\/09\/AdobeStock_329313377-scaled.jpeg\" alt=\"\">    <\/div> <\/div>   <\/div> <\/div><\/div>","protected":false},"excerpt":{"rendered":"<p>Marketing Koordynacja wszystkich dzia\u0142a\u0144 promocyjnych w Twojej firmie, w tym zarz\u0105dzanie prac\u0105 podwykonawc\u00f3w, planowanie i nadzorowanie ich pracy oraz rozliczanie z efekt\u00f3w. PR Opracowanie strategii dzia\u0142a\u0144 PR,&nbsp;prowadzenie biura prasowego, kontakt z mediami, pozycjonowanie eksperckie, realizacja akcji specjalnych. Copywriting Tworzenie tre\u015bci na firmowego bloga, stron\u0119 www, pisanie informacji prasowych, artyku\u0142\u00f3w sponsorowanych, eksperckich lub poradnikowych. Social media&hellip; <br \/> <a class=\"button small blue\" href=\"https:\/\/www.concept-story.pl\/?p=144\">Czytaj dalej<\/a><\/p>\n","protected":false},"author":1,"featured_media":0,"parent":0,"menu_order":0,"comment_status":"closed","ping_status":"closed","template":"","meta":[],"_links":{"self":[{"href":"https:\/\/www.concept-story.pl\/index.php?rest_route=\/wp\/v2\/pages\/34"}],"collection":[{"href":"https:\/\/www.concept-story.pl\/index.php?rest_route=\/wp\/v2\/pages"}],"about":[{"href":"https:\/\/www.concept-story.pl\/index.php?rest_route=\/wp\/v2\/types\/page"}],"author":[{"embeddable":true,"href":"https:\/\/www.concept-story.pl\/index.php?rest_route=\/wp\/v2\/users\/1"}],"replies":[{"embeddable":true,"href":"https:\/\/www.concept-story.pl\/index.php?rest_route=%2Fwp%2Fv2%2Fcomments&post=34"}],"version-history":[{"count":26,"href":"https:\/\/www.concept-story.pl\/index.php?rest_route=\/wp\/v2\/pages\/34\/revisions"}],"predecessor-version":[{"id":160,"href":"https:\/\/www.concept-story.pl\/index.php?rest_route=\/wp\/v2\/pages\/34\/revisions\/160"}],"wp:attachment":[{"href":"https:\/\/www.concept-story.pl\/index.php?rest_route=%2Fwp%2Fv2%2Fmedia&parent=34"}],"curies":[{"name":"wp","href":"https:\/\/api.w.org\/{rel}","templated":true}]}}